{"id":1129,"date":"2023-09-13T15:20:10","date_gmt":"2023-09-13T13:20:10","guid":{"rendered":"https:\/\/zmthungary.hu\/cep-logistik-dpd\/"},"modified":"2023-11-23T23:30:47","modified_gmt":"2023-11-23T22:30:47","slug":"cep-logistik-dpd","status":"publish","type":"page","link":"https:\/\/zmthungary.hu\/de\/cep-logistik-dpd\/","title":{"rendered":"CEP Logistik (DPD)"},"content":{"rendered":"<h4>\n<p>ZMT Hungary Kft. \u2013 als Logistikpartner der DPD Hungary Kft. in Zalaegerszeg<\/p>\n<\/h4>\n<div>\n<p>Die ZMT Hungary Kft. fungiert als Subunternehmen von DPD, dem Paketdienstleister in Zalaegerszeg. Als verantwortungsvoller Partner bieten wir flexible, und innovative Paketdienstleistungen sowie einen einfachen, bequemen Paketversand f\u00fcr Versender und Empf\u00e4nger.<\/p>\n<\/div>\n<h1>\n<p>\u00dcber DPD<\/p>\n<\/h1>\n<div>\n<p>Die DPD Hungary Kft. ist ein Teil der internationalen Geopost d.h. Europas gr\u00f6\u00dften Paketdienst-Netzwerkes, sie zeigt sich als Innovationsf\u00fchrer und versucht die digitalen M\u00f6glichkeiten zu nutzen, um den Paketversand sowie die Paketzustellung im Inland und Ausland flexibel und bequem zu machen. DPD engagiert sich f\u00fcr den Umweltschutz und versendet die Pakete klimaneutral ohne zus\u00e4tzliche Kosten f\u00fcr die Kunden.<\/p>\n<\/div>\n<ul>\n<li>\n<p>        <img decoding=\"async\" src=\"\/wp-content\/uploads\/2023\/10\/zmthungarydpd_5.jpg\" alt=\"\"><\/p>\n<p><a href=\"\/wp-content\/uploads\/2023\/10\/zmthungarydpd_5.jpg\"><\/a><\/p>\n<\/li>\n<li>\n<p>        <img decoding=\"async\" src=\"\/wp-content\/uploads\/2023\/10\/zmthungarydpd_2.jpg\" alt=\"\"><\/p>\n<p><a href=\"\/wp-content\/uploads\/2023\/10\/zmthungarydpd_2.jpg\"><\/a><\/p>\n<\/li>\n<li>\n<p>        <img decoding=\"async\" src=\"\/wp-content\/uploads\/2023\/10\/zmthungarydpd_4.jpg\" alt=\"\"><\/p>\n<p><a href=\"\/wp-content\/uploads\/2023\/10\/zmthungarydpd_4.jpg\"><\/a><\/p>\n<\/li>\n<li>\n<p>        <img decoding=\"async\" src=\"\/wp-content\/uploads\/2023\/10\/zmthungarydpd_3.jpg\" alt=\"\"><\/p>\n<p><a href=\"\/wp-content\/uploads\/2023\/10\/zmthungarydpd_3.jpg\"><\/a><\/p>\n<\/li>\n<li>\n<p>        <img decoding=\"async\" src=\"\/wp-content\/uploads\/2023\/10\/zmthungarydpd_1.jpg\" alt=\"\"><\/p>\n<p><a href=\"\/wp-content\/uploads\/2023\/10\/zmthungarydpd_1.jpg\"><\/a><\/p>\n<\/li>\n<li>\n<p>        <img decoding=\"async\" src=\"\/wp-content\/uploads\/2023\/09\/Web_Version-DPD_2022_OF00289.jpg\" alt=\"\"><\/p>\n<p><a href=\"\/wp-content\/uploads\/2023\/09\/Web_Version-DPD_2022_OF00289.jpg\"><\/a><\/p>\n<\/li>\n<li>\n<p>        <img decoding=\"async\" src=\"\/wp-content\/uploads\/2023\/09\/Web_Version-DPD_2022_BI00211.jpg\" alt=\"\"><\/p>\n<p><a href=\"\/wp-content\/uploads\/2023\/09\/Web_Version-DPD_2022_BI00211.jpg\"><\/a><\/p>\n<\/li>\n<li>\n<p>        <img decoding=\"async\" src=\"\/wp-content\/uploads\/2023\/09\/Web_Version-DPD_2022_FL00851.jpg\" alt=\"\"><\/p>\n<p><a href=\"\/wp-content\/uploads\/2023\/09\/Web_Version-DPD_2022_FL00851.jpg\"><\/a><\/p>\n<\/li>\n<\/ul>\n<h1>\n<p>Die ZMT Hungary Kft. und DPD \u2013 Eine erfolgreiche Partnerschaft<\/p>\n<\/h1>\n<div>\n<p>Die ZMT Hungary Kft. pflegt seit langen Jahren eine erfolgreiche Zusammenarbeit mit DPD-Paketdienst und managt das Zustelldepot in Zalaegerszeg. Als Logistikpartner von DPD spielen wir eine bedeutende Rolle und machen die notwendigen Schritte daf\u00fcr, unseren Kunden ma\u00dfgeschneiderte Paketlogistik-L\u00f6sungen bieten zu k\u00f6nnen.<\/p>\n<\/div>\n<h1>\n<p>ZMT Hungary Kft. \u2013 Zustelldepot in Zalaegerszeg<\/p>\n<\/h1>\n<div>\n<p>Die Mitarbeiter im Zustelldepot in Zalaegerszeg \u00fcben professionelle und kompetente Arbeit aus. Wir verf\u00fcgen derzeit \u00fcber 15 moderne Fahrzeuge im guten technischen Zustand, die von unseren erfahrenen Fahrern gef\u00fchrt werden. Wir haben das Ziel, unseren Kunden in Zalaegerszeg und in der Gegend professionelle und zuverl\u00e4ssige Paketdienstleistungen zu bieten.<\/p>\n<\/div>\n<div>\n<h3>Was macht uns eigenartig?<\/h3>\n<div>\n<p>Die partnerschaftliche Beziehung zwischen ZMT Hungary Kft. und DPD basiert auf die Zuverl\u00e4ssigkeit, Effizienz und Kundenorientierung. Bei der Ausf\u00fchrung der unternehmerischen T\u00e4tigkeit bieten wir zahlreiche Vorteile f\u00fcr die Versender und Empf\u00e4nger des DPD Paketdienstes:<\/p>\n<ul>\n<li><em>Erfahrene Mitarbeiter:<\/em> Unsere Autofahrer und Paketzusteller sind erfahrene und qualifizierte Mitarbeiter, die \u00fcber hervorragende Ortskenntnisse in ihrem Zustellbezirk verf\u00fcgen.<\/li>\n<\/ul>\n<ul>\n<li><em>Moderner Fuhrpark:<\/em> Unser Fuhrpark besteht aus modernen und klimaneutralen Fahrzeugen, die den hohen Sicherheits- und Leistungsstandards entsprechen.<\/li>\n<\/ul>\n<ul>\n<li><em>P\u00fcnktlichkeit und Zuverl\u00e4ssigkeit:<\/em> Die p\u00fcnktliche Zustellung und Abholung der Pakete sowie die Ware unbesch\u00e4digt zum Kunden zu bringen, ist f\u00fcr uns wichtig. Wir legen h\u00f6chste Priorit\u00e4t auf die Kundenzufriedenheit.<\/li>\n<\/ul>\n<\/div>\n<\/div>\n<h1>\n<p>Kontakt und weitere Informationen<\/p>\n<\/h1>\n<div>\n<p>Sollten Sie weitere Informationen von der ZMT Hungary Kft. oder vom Paketzustellzentrum der DPD Hungary Kft. in Zalaegerszeg ben\u00f6tigen, kontaktieren Sie uns einfach! Unser Kundenservice ist f\u00fcr Sie da und unterst\u00fctzt Sie gerne.<\/p>\n<\/div>\n<h4>\n<p>ZMT Hungary Kft. \u2013 als Logistikpartner des DPD-Zustelldepots in Zalaegerszeg<\/p>\n<\/h4>\n<div>\n<p>Wir verfolgen das Ziel, den Kunden von DPD erstklassige und ma\u00dfgeschneiderte Paketl\u00f6sungen auf hohem Servicelevel zu bieten. Das Team der ZMT Hungary Kft. ist bereit, Privat- und Businesskunden zu unterst\u00fctzen durch die effiziente und zuverl\u00e4ssige Paketdienstleistungen. Wir sind dankbar f\u00fcr das Vertrauen, das uns entgegengebracht wird!<\/p>\n<\/div>\n<p><!--more--><br \/>\n<!-- {\"type\":\"layout\",\"children\":[{\"type\":\"section\",\"props\":{\"class\":\"justifiedtext\",\"image_position\":\"center-center\",\"padding\":\"xsmall\",\"style\":\"default\",\"title_breakpoint\":\"xl\",\"title_position\":\"top-left\",\"title_rotation\":\"left\",\"vertical_align\":\"middle\",\"width\":\"default\"},\"children\":[{\"type\":\"row\",\"children\":[{\"type\":\"column\",\"props\":{\"image_position\":\"center-center\",\"position_sticky_breakpoint\":\"m\"},\"children\":[{\"type\":\"headline\",\"props\":{\"content\":\"\n\n<p>ZMT Hungary Kft. \\u2013 als Logistikpartner der DPD Hungary Kft. in Zalaegerszeg<\\\/p>\",\"title_color\":\"primary\",\"title_element\":\"h4\",\"title_style\":\"h4\"}},{\"type\":\"text\",\"props\":{\"column_breakpoint\":\"m\",\"content\":\"\n\n<p>Die ZMT Hungary Kft. fungiert als Subunternehmen von DPD, dem Paketdienstleister in Zalaegerszeg. Als verantwortungsvoller Partner bieten wir flexible, und innovative Paketdienstleistungen sowie einen einfachen, bequemen Paketversand f\\u00fcr Versender und Empf\\u00e4nger.<\\\/p>\",\"margin\":\"default\"}},{\"type\":\"headline\",\"props\":{\"content\":\"\n\n<p>\\u00dcber DPD<\\\/p>\",\"title_color\":\"primary\",\"title_element\":\"h1\",\"title_style\":\"h4\"}},{\"type\":\"text\",\"props\":{\"column_breakpoint\":\"m\",\"content\":\"\n\n<p>Die DPD Hungary Kft. ist ein Teil der internationalen Geopost d.h. Europas gr\\u00f6\\u00dften Paketdienst-Netzwerkes, sie zeigt sich als Innovationsf\\u00fchrer und versucht die digitalen M\\u00f6glichkeiten zu nutzen, um den Paketversand sowie die Paketzustellung im Inland und Ausland flexibel und bequem zu machen. DPD engagiert sich f\\u00fcr den Umweltschutz und versendet die Pakete klimaneutral ohne zus\\u00e4tzliche Kosten f\\u00fcr die Kunden.<\\\/p>\",\"margin\":\"default\"}}]}]},{\"type\":\"row\",\"props\":{\"layout\":\"1-2,1-2\"},\"children\":[{\"type\":\"column\",\"props\":{\"image_position\":\"center-center\",\"position_sticky_breakpoint\":\"m\",\"width_medium\":\"1-2\"},\"children\":[{\"type\":\"panel-slider\",\"props\":{\"content_column_breakpoint\":\"m\",\"icon_width\":80,\"id\":\"my-slider\",\"image_align\":\"top\",\"image_grid_breakpoint\":\"m\",\"image_grid_width\":\"1-2\",\"image_height\":\"400\",\"image_link\":false,\"image_loading\":false,\"image_svg_color\":\"emphasis\",\"link_style\":\"default\",\"link_target\":false,\"link_text\":\"\",\"margin\":\"default\",\"margin_remove_bottom\":false,\"meta_align\":\"below-title\",\"meta_element\":\"div\",\"meta_style\":\"text-meta\",\"nav\":\"\",\"nav_align\":\"center\",\"nav_breakpoint\":\"s\",\"panel_card_match\":true,\"panel_card_offset\":false,\"panel_link\":true,\"position_top\":\"50\",\"show_content\":true,\"show_image\":true,\"show_link\":true,\"show_meta\":true,\"show_title\":true,\"slidenav\":\"bottom-right\",\"slidenav_breakpoint\":\"s\",\"slidenav_margin\":\"medium\",\"slidenav_outside_breakpoint\":\"xl\",\"slider_autoplay\":true,\"slider_autoplay_pause\":true,\"slider_center\":true,\"slider_gap\":\"default\",\"slider_sets\":false,\"slider_width\":\"\",\"slider_width_default\":\"1-1\",\"slider_width_medium\":\"1-1\",\"text_align\":\"center\",\"title_align\":\"top\",\"title_element\":\"h3\",\"title_grid_breakpoint\":\"m\",\"title_grid_width\":\"1-2\",\"title_hover_style\":\"reset\",\"title_link\":false},\"children\":[{\"type\":\"panel-slider_item\",\"props\":{\"image\":\"wp-content\\\/uploads\\\/2023\\\/10\\\/zmthungarydpd_5.jpg\",\"link\":\"wp-content\\\/uploads\\\/2023\\\/10\\\/zmthungarydpd_5.jpg\"}},{\"type\":\"panel-slider_item\",\"props\":{\"image\":\"wp-content\\\/uploads\\\/2023\\\/10\\\/zmthungarydpd_2.jpg\",\"link\":\"wp-content\\\/uploads\\\/2023\\\/10\\\/zmthungarydpd_2.jpg\"}},{\"type\":\"panel-slider_item\",\"props\":{\"image\":\"wp-content\\\/uploads\\\/2023\\\/10\\\/zmthungarydpd_4.jpg\",\"link\":\"wp-content\\\/uploads\\\/2023\\\/10\\\/zmthungarydpd_4.jpg\"}},{\"type\":\"panel-slider_item\",\"props\":{\"image\":\"wp-content\\\/uploads\\\/2023\\\/10\\\/zmthungarydpd_3.jpg\",\"link\":\"wp-content\\\/uploads\\\/2023\\\/10\\\/zmthungarydpd_3.jpg\"}},{\"type\":\"panel-slider_item\",\"props\":{\"image\":\"wp-content\\\/uploads\\\/2023\\\/10\\\/zmthungarydpd_1.jpg\",\"link\":\"wp-content\\\/uploads\\\/2023\\\/10\\\/zmthungarydpd_1.jpg\"}},{\"type\":\"panel-slider_item\",\"props\":{\"image\":\"wp-content\\\/uploads\\\/2023\\\/09\\\/Web_Version-DPD_2022_OF00289.jpg\",\"link\":\"wp-content\\\/uploads\\\/2023\\\/09\\\/Web_Version-DPD_2022_OF00289.jpg\"}},{\"type\":\"panel-slider_item\",\"props\":{\"image\":\"wp-content\\\/uploads\\\/2023\\\/09\\\/Web_Version-DPD_2022_BI00211.jpg\",\"link\":\"wp-content\\\/uploads\\\/2023\\\/09\\\/Web_Version-DPD_2022_BI00211.jpg\"}},{\"type\":\"panel-slider_item\",\"props\":{\"image\":\"wp-content\\\/uploads\\\/2023\\\/09\\\/Web_Version-DPD_2022_FL00851.jpg\",\"link\":\"wp-content\\\/uploads\\\/2023\\\/09\\\/Web_Version-DPD_2022_FL00851.jpg\"}}],\"name\":\"Slider es lightbox\"}]},{\"type\":\"column\",\"props\":{\"image_position\":\"center-center\",\"position_sticky_breakpoint\":\"m\",\"width_medium\":\"1-2\"},\"children\":[{\"type\":\"headline\",\"props\":{\"content\":\"\n\n<p>Die ZMT Hungary Kft. und DPD \\u2013 Eine erfolgreiche Partnerschaft<\\\/p>\",\"title_color\":\"primary\",\"title_element\":\"h1\",\"title_style\":\"h4\"}},{\"type\":\"text\",\"props\":{\"column_breakpoint\":\"m\",\"content\":\"\n\n<p>Die ZMT Hungary Kft. pflegt seit langen Jahren eine erfolgreiche Zusammenarbeit mit DPD-Paketdienst und managt das Zustelldepot in Zalaegerszeg. Als Logistikpartner von DPD spielen wir eine bedeutende Rolle und machen die notwendigen Schritte daf\\u00fcr, unseren Kunden ma\\u00dfgeschneiderte Paketlogistik-L\\u00f6sungen bieten zu k\\u00f6nnen.<\\\/p>\",\"margin\":\"default\"}},{\"type\":\"headline\",\"props\":{\"content\":\"\n\n<p>ZMT Hungary Kft. \\u2013 Zustelldepot in Zalaegerszeg<\\\/p>\",\"title_color\":\"primary\",\"title_element\":\"h1\",\"title_style\":\"h4\"}},{\"type\":\"text\",\"props\":{\"column_breakpoint\":\"m\",\"content\":\"\n\n<p>Die Mitarbeiter im Zustelldepot in Zalaegerszeg \\u00fcben professionelle und kompetente Arbeit aus. Wir verf\\u00fcgen derzeit \\u00fcber 15 moderne Fahrzeuge im guten technischen Zustand, die von unseren erfahrenen Fahrern gef\\u00fchrt werden. Wir haben das Ziel, unseren Kunden in Zalaegerszeg und in der Gegend professionelle und zuverl\\u00e4ssige Paketdienstleistungen zu bieten.<\\\/p>\",\"margin\":\"default\"}}]}]},{\"type\":\"row\",\"children\":[{\"type\":\"column\",\"props\":{\"image_position\":\"center-center\",\"position_sticky_breakpoint\":\"m\",\"preserve_color\":true,\"style\":\"tile-secondary\"},\"children\":[{\"type\":\"description_list\",\"props\":{\"column_breakpoint\":\"m\",\"layout\":\"stacked\",\"list_element\":\"ul\",\"list_size\":\"large\",\"margin_remove_bottom\":false,\"meta_align\":\"above-content\",\"meta_color\":\"muted\",\"meta_style\":\"\",\"show_content\":true,\"show_link\":true,\"show_meta\":true,\"show_title\":true,\"text_align\":\"justify\",\"title_colon\":false,\"title_color\":\"primary\",\"title_element\":\"div\",\"title_font_family\":\"primary\",\"title_grid_column_gap\":\"small\",\"title_grid_row_gap\":\"small\",\"title_grid_width\":\"auto\",\"title_style\":\"text-lead\"},\"children\":[{\"type\":\"description_list_item\",\"props\":{\"content\":\"\n\n<p><\\\/p>\\n\n\n<p>Die partnerschaftliche Beziehung zwischen ZMT Hungary Kft. und DPD basiert auf die Zuverl\\u00e4ssigkeit, Effizienz und Kundenorientierung. Bei der Ausf\\u00fchrung der unternehmerischen T\\u00e4tigkeit bieten wir zahlreiche Vorteile f\\u00fcr die Versender und Empf\\u00e4nger des DPD Paketdienstes:<\\\/p>\\n\n\n<ul>\\n\n\n<li><em>Erfahrene Mitarbeiter:<\\\/em> Unsere Autofahrer und Paketzusteller sind erfahrene und qualifizierte Mitarbeiter, die \\u00fcber hervorragende Ortskenntnisse in ihrem Zustellbezirk verf\\u00fcgen.<\\\/li>\\n<\\\/ul>\\n\n\n<p><\\\/p>\\n\n\n<ul>\\n\n\n<li><em>Moderner Fuhrpark:<\\\/em> Unser Fuhrpark besteht aus modernen und klimaneutralen Fahrzeugen, die den hohen Sicherheits- und Leistungsstandards entsprechen.<\\\/li>\\n<\\\/ul>\\n\n\n<p><\\\/p>\\n\n\n<ul>\\n\n\n<li><em>P\\u00fcnktlichkeit und Zuverl\\u00e4ssigkeit:<\\\/em> Die p\\u00fcnktliche Zustellung und Abholung der Pakete sowie die Ware unbesch\\u00e4digt zum Kunden zu bringen, ist f\\u00fcr uns wichtig. Wir legen h\\u00f6chste Priorit\\u00e4t auf die Kundenzufriedenheit.<\\\/li>\\n<\\\/ul>\",\"meta\":\"\",\"title\":\"Was macht uns eigenartig?\"}}]}]}]}]},{\"type\":\"section\",\"props\":{\"class\":\"justifiedtext\",\"image_position\":\"center-center\",\"padding_remove_top\":true,\"style\":\"default\",\"title_breakpoint\":\"xl\",\"title_position\":\"top-left\",\"title_rotation\":\"left\",\"vertical_align\":\"middle\",\"width\":\"default\"},\"children\":[{\"type\":\"row\",\"children\":[{\"type\":\"column\",\"props\":{\"image_position\":\"center-center\",\"position_sticky_breakpoint\":\"m\"},\"children\":[{\"type\":\"headline\",\"props\":{\"content\":\"\n\n<p>Kontakt und weitere Informationen<\\\/p>\",\"title_color\":\"primary\",\"title_element\":\"h1\",\"title_style\":\"h4\"}},{\"type\":\"text\",\"props\":{\"column_breakpoint\":\"m\",\"content\":\"\n\n<p>Sollten Sie weitere Informationen von der ZMT Hungary Kft. oder vom Paketzustellzentrum der DPD Hungary Kft. in Zalaegerszeg ben\\u00f6tigen, kontaktieren Sie uns einfach! Unser Kundenservice ist f\\u00fcr Sie da und unterst\\u00fctzt Sie gerne.<\\\/p>\",\"margin\":\"default\"}},{\"type\":\"headline\",\"props\":{\"content\":\"\n\n<p>ZMT Hungary Kft. \\u2013 als Logistikpartner des DPD-Zustelldepots in Zalaegerszeg<\\\/p>\",\"title_color\":\"primary\",\"title_element\":\"h4\",\"title_style\":\"h4\"}},{\"type\":\"text\",\"props\":{\"column_breakpoint\":\"m\",\"content\":\"\n\n<p>Wir verfolgen das Ziel, den Kunden von DPD erstklassige und ma\\u00dfgeschneiderte Paketl\\u00f6sungen auf hohem Servicelevel zu bieten. Das Team der ZMT Hungary Kft. ist bereit, Privat- und Businesskunden zu unterst\\u00fctzen durch die effiziente und zuverl\\u00e4ssige Paketdienstleistungen. Wir sind dankbar f\\u00fcr das Vertrauen, das uns entgegengebracht wird!<\\\/p>\",\"margin\":\"default\"}}]}],\"props\":{\"match\":false}}]}],\"version\":\"4.2.6\"} --><\/p>\n","protected":false},"excerpt":{"rendered":"<p>ZMT Hungary Kft. \u2013 als Logistikpartner der DPD Hungary Kft. in Zalaegerszeg Die ZMT Hungary Kft. fungiert als Subunternehmen von DPD, dem Paketdienstleister in Zalaegerszeg. Als verantwortungsvoller Partner bieten wir flexible, und innovative Paketdienstleistungen sowie einen einfachen, bequemen Paketversand f\u00fcr Versender und Empf\u00e4nger. \u00dcber DPD Die DPD Hungary Kft. ist ein Teil der internationalen Geopost [&hellip;]<\/p>\n","protected":false},"author":1,"featured_media":0,"parent":0,"menu_order":0,"comment_status":"closed","ping_status":"closed","template":"","meta":{"footnotes":""},"class_list":["post-1129","page","type-page","status-publish","hentry"],"yoast_head":"<!-- This site is optimized with the Yoast SEO plugin v25.2 - https:\/\/yoast.com\/wordpress\/plugins\/seo\/ -->\n<title>CEP Logistik (DPD) - ZMT Hungary Kft.<\/title>\n<meta name=\"robots\" content=\"index, follow, max-snippet:-1, max-image-preview:large, max-video-preview:-1\" \/>\n<link rel=\"canonical\" href=\"https:\/\/zmthungary.hu\/de\/cep-logistik-dpd\/\" \/>\n<meta property=\"og:locale\" content=\"de_DE\" \/>\n<meta property=\"og:type\" content=\"article\" \/>\n<meta property=\"og:title\" content=\"CEP Logistik (DPD) - ZMT Hungary Kft.\" \/>\n<meta property=\"og:description\" content=\"ZMT Hungary Kft. \u2013 als Logistikpartner der DPD Hungary Kft. in Zalaegerszeg Die ZMT Hungary Kft. fungiert als Subunternehmen von DPD, dem Paketdienstleister in Zalaegerszeg. Als verantwortungsvoller Partner bieten wir flexible, und innovative Paketdienstleistungen sowie einen einfachen, bequemen Paketversand f\u00fcr Versender und Empf\u00e4nger. \u00dcber DPD Die DPD Hungary Kft. ist ein Teil der internationalen Geopost [&hellip;]\" \/>\n<meta property=\"og:url\" content=\"https:\/\/zmthungary.hu\/de\/cep-logistik-dpd\/\" \/>\n<meta property=\"og:site_name\" content=\"ZMT Hungary Kft.\" \/>\n<meta property=\"article:modified_time\" content=\"2023-11-23T22:30:47+00:00\" \/>\n<meta name=\"twitter:card\" content=\"summary_large_image\" \/>\n<meta name=\"twitter:label1\" content=\"Gesch\u00e4tzte Lesezeit\" \/>\n\t<meta name=\"twitter:data1\" content=\"2\u00a0Minuten\" \/>\n<script type=\"application\/ld+json\" class=\"yoast-schema-graph\">{\"@context\":\"https:\/\/schema.org\",\"@graph\":[{\"@type\":\"WebPage\",\"@id\":\"https:\/\/zmthungary.hu\/de\/cep-logistik-dpd\/\",\"url\":\"https:\/\/zmthungary.hu\/de\/cep-logistik-dpd\/\",\"name\":\"CEP Logistik (DPD) - ZMT Hungary Kft.\",\"isPartOf\":{\"@id\":\"https:\/\/zmthungary.hu\/de\/#website\"},\"datePublished\":\"2023-09-13T13:20:10+00:00\",\"dateModified\":\"2023-11-23T22:30:47+00:00\",\"breadcrumb\":{\"@id\":\"https:\/\/zmthungary.hu\/de\/cep-logistik-dpd\/#breadcrumb\"},\"inLanguage\":\"de\",\"potentialAction\":[{\"@type\":\"ReadAction\",\"target\":[\"https:\/\/zmthungary.hu\/de\/cep-logistik-dpd\/\"]}]},{\"@type\":\"BreadcrumbList\",\"@id\":\"https:\/\/zmthungary.hu\/de\/cep-logistik-dpd\/#breadcrumb\",\"itemListElement\":[{\"@type\":\"ListItem\",\"position\":1,\"name\":\"Kezd\u0151lap\",\"item\":\"https:\/\/zmthungary.hu\/de\/\"},{\"@type\":\"ListItem\",\"position\":2,\"name\":\"CEP Logistik (DPD)\"}]},{\"@type\":\"WebSite\",\"@id\":\"https:\/\/zmthungary.hu\/de\/#website\",\"url\":\"https:\/\/zmthungary.hu\/de\/\",\"name\":\"ZMT Hungary Kft.\",\"description\":\"Make it cool...\",\"potentialAction\":[{\"@type\":\"SearchAction\",\"target\":{\"@type\":\"EntryPoint\",\"urlTemplate\":\"https:\/\/zmthungary.hu\/de\/?s={search_term_string}\"},\"query-input\":{\"@type\":\"PropertyValueSpecification\",\"valueRequired\":true,\"valueName\":\"search_term_string\"}}],\"inLanguage\":\"de\"}]}<\/script>\n<!-- \/ Yoast SEO plugin. -->","yoast_head_json":{"title":"CEP Logistik (DPD) - ZMT Hungary Kft.","robots":{"index":"index","follow":"follow","max-snippet":"max-snippet:-1","max-image-preview":"max-image-preview:large","max-video-preview":"max-video-preview:-1"},"canonical":"https:\/\/zmthungary.hu\/de\/cep-logistik-dpd\/","og_locale":"de_DE","og_type":"article","og_title":"CEP Logistik (DPD) - ZMT Hungary Kft.","og_description":"ZMT Hungary Kft. \u2013 als Logistikpartner der DPD Hungary Kft. in Zalaegerszeg Die ZMT Hungary Kft. fungiert als Subunternehmen von DPD, dem Paketdienstleister in Zalaegerszeg. Als verantwortungsvoller Partner bieten wir flexible, und innovative Paketdienstleistungen sowie einen einfachen, bequemen Paketversand f\u00fcr Versender und Empf\u00e4nger. \u00dcber DPD Die DPD Hungary Kft. ist ein Teil der internationalen Geopost [&hellip;]","og_url":"https:\/\/zmthungary.hu\/de\/cep-logistik-dpd\/","og_site_name":"ZMT Hungary Kft.","article_modified_time":"2023-11-23T22:30:47+00:00","twitter_card":"summary_large_image","twitter_misc":{"Gesch\u00e4tzte Lesezeit":"2\u00a0Minuten"},"schema":{"@context":"https:\/\/schema.org","@graph":[{"@type":"WebPage","@id":"https:\/\/zmthungary.hu\/de\/cep-logistik-dpd\/","url":"https:\/\/zmthungary.hu\/de\/cep-logistik-dpd\/","name":"CEP Logistik (DPD) - ZMT Hungary Kft.","isPartOf":{"@id":"https:\/\/zmthungary.hu\/de\/#website"},"datePublished":"2023-09-13T13:20:10+00:00","dateModified":"2023-11-23T22:30:47+00:00","breadcrumb":{"@id":"https:\/\/zmthungary.hu\/de\/cep-logistik-dpd\/#breadcrumb"},"inLanguage":"de","potentialAction":[{"@type":"ReadAction","target":["https:\/\/zmthungary.hu\/de\/cep-logistik-dpd\/"]}]},{"@type":"BreadcrumbList","@id":"https:\/\/zmthungary.hu\/de\/cep-logistik-dpd\/#breadcrumb","itemListElement":[{"@type":"ListItem","position":1,"name":"Kezd\u0151lap","item":"https:\/\/zmthungary.hu\/de\/"},{"@type":"ListItem","position":2,"name":"CEP Logistik (DPD)"}]},{"@type":"WebSite","@id":"https:\/\/zmthungary.hu\/de\/#website","url":"https:\/\/zmthungary.hu\/de\/","name":"ZMT Hungary Kft.","description":"Make it cool...","potentialAction":[{"@type":"SearchAction","target":{"@type":"EntryPoint","urlTemplate":"https:\/\/zmthungary.hu\/de\/?s={search_term_string}"},"query-input":{"@type":"PropertyValueSpecification","valueRequired":true,"valueName":"search_term_string"}}],"inLanguage":"de"}]}},"_links":{"self":[{"href":"https:\/\/zmthungary.hu\/de\/wp-json\/wp\/v2\/pages\/1129","targetHints":{"allow":["GET"]}}],"collection":[{"href":"https:\/\/zmthungary.hu\/de\/wp-json\/wp\/v2\/pages"}],"about":[{"href":"https:\/\/zmthungary.hu\/de\/wp-json\/wp\/v2\/types\/page"}],"author":[{"embeddable":true,"href":"https:\/\/zmthungary.hu\/de\/wp-json\/wp\/v2\/users\/1"}],"replies":[{"embeddable":true,"href":"https:\/\/zmthungary.hu\/de\/wp-json\/wp\/v2\/comments?post=1129"}],"version-history":[{"count":3,"href":"https:\/\/zmthungary.hu\/de\/wp-json\/wp\/v2\/pages\/1129\/revisions"}],"predecessor-version":[{"id":1188,"href":"https:\/\/zmthungary.hu\/de\/wp-json\/wp\/v2\/pages\/1129\/revisions\/1188"}],"wp:attachment":[{"href":"https:\/\/zmthungary.hu\/de\/wp-json\/wp\/v2\/media?parent=1129"}],"curies":[{"name":"wp","href":"https:\/\/api.w.org\/{rel}","templated":true}]}}