{"id":1127,"date":"2023-09-25T15:02:53","date_gmt":"2023-09-25T13:02:53","guid":{"rendered":"https:\/\/zmthungary.hu\/zertifizierungen\/"},"modified":"2024-08-20T15:13:04","modified_gmt":"2024-08-20T13:13:04","slug":"zertifizierungen","status":"publish","type":"page","link":"https:\/\/zmthungary.hu\/de\/zertifizierungen\/","title":{"rendered":"Zertifizierungen"},"content":{"rendered":"<h1>Zertifizierungen<\/h1>\n<ul>\n<li>\n<p><img decoding=\"async\" src=\"\/wp-content\/uploads\/2023\/10\/08794_ZmtHungary.jpg\" alt=\"\"><\/p>\n<h4>Financial Times Certificate<\/h4>\n<div>\n<p>FT 1000 Europe&#8220;s Fastest Growing Companies 2023<\/p>\n<\/div>\n<\/li>\n<li>\n<p><img decoding=\"async\" src=\"\/wp-content\/uploads\/2023\/10\/08802_ZmtHungary.jpg\" alt=\"\"><\/p>\n<h4>Unsere gemeinsamen Werte und Grunds\u00e4tze <\/h4>\n<div>\n<ul>\n<li>Permanente Qualit\u00e4tssicherung<\/li>\n<li>Gesundheit und Sicherheit am Arbeitsplatz<\/li>\n<li>Teambuilding, Teamentwicklung<\/li>\n<li>Kontakt zu Partnern und Kunden<\/li>\n<li>St\u00e4ndige Innovation<\/li>\n<li>Klimaneutralit\u00e4t<\/li>\n<\/ul>\n<\/div>\n<\/li>\n<li>\n<p><img decoding=\"async\" src=\"\/wp-content\/uploads\/2023\/10\/08799_ZmtHungary.jpg\" alt=\"\"><\/p>\n<h4>Zertifikat<\/h4>\n<div>\n<p>Wir sind gut vorbereitet und bieten Ihnen digitale L\u00f6sungen. Das Unternehmen nahm an dem Audit und der Veranstaltung des Programms f\u00fcr Moderne Unternehmen mit dem Projekttitel \u201eDigitale Unternehmen\u201c teil.<\/p>\n<\/div>\n<\/li>\n<li>\n<p><img decoding=\"async\" src=\"\/wp-content\/uploads\/2024\/08\/ZMT_IWS_Tanusitvany_9001_2024_crop_v2.jpg\" alt=\"\"><\/p>\n<h4>Norm<\/h4>\n<div>\n<p>ISO 9001:2015<\/p>\n<\/div>\n<\/li>\n<li>\n<p><img decoding=\"async\" src=\"\/wp-content\/uploads\/2024\/08\/ZMT_IWS_Tanusitvany_14001_2024_crop_v2.jpg\" alt=\"\"><\/p>\n<h4>Norm<\/h4>\n<div>\n<p>ISO 14001:2015<\/p>\n<\/div>\n<\/li>\n<li>\n<p><img decoding=\"async\" src=\"\/wp-content\/uploads\/2023\/10\/08803_ZmtHungary.jpg\" alt=\"\"><\/p>\n<h4>Ungarische Industrie- und Handelskammer <\/h4>\n<div>\n<p>Eintragung im Verzeichnis der Bauunternehmen<\/p>\n<p>26. Oktober 2020<\/p>\n<\/div>\n<\/li>\n<li>\n<p><img decoding=\"async\" src=\"\/wp-content\/uploads\/2023\/10\/08800_ZmtHungary.jpg\" alt=\"\"><\/p>\n<h4>Zertifikat<\/h4>\n<div>\n<p class=\"wnd-align-center\">Domj\u00e1n Andr\u00e1s \u2013 nahm an dem von der POLINGONT Kft. organisierten Seminar f\u00fcr QUALIT\u00c4TSKONTROLLEUR teil und legte die Pr\u00fcfung erfolgreich ab.<\/p>\n<p class=\"wnd-align-center\">Der Seminarteilnehmer konnte mit der Grundlage der Qualit\u00e4tsprozesse (Diagramm, 5M+E Methode), den Qualit\u00e4tsanforderungen der Kunden (Toleranz, Ma\u00dfkette), den statistischen Merkmalen (Durchschnitt, Medial Volume), den meteorologischen Merkmalen (Stabilit\u00e4t, Linearit\u00e4t, Wiederholbarkeit, Reproduzierbarkeit, Aufl\u00f6sung, Wahl des Messger\u00e4tes, Freigabe, Kalibrierung, Anforderungen zum Messsystem GRR%), SPC-Kenntnisse (Xbar-R, X-MR, Verh\u00e4ltnis zwischen Regler und Toleranzgrenze), der Pr\u00fcfung der Musterproben (Probengr\u00f6\u00dfe, Akzeptanzgrenze Ac, Ablehnungsgrenze Re, AQL-Toleranzlevel, Kontrolllevel, Kontrollstufen, ein- und zweistufige Pl\u00e4ne f\u00fcr Musterprobe, Messpl\u00e4ne, Fehler 1. und 2. Art) und mit der Dokumentierung der Messergebnisse vertraulich gemacht. <\/p>\n<\/div>\n<\/li>\n<li>\n<p><img decoding=\"async\" src=\"\/wp-content\/uploads\/2023\/10\/08801_ZmtHungary.jpg\" alt=\"\"><\/p>\n<h4>Zertifikat<\/h4>\n<div>\n<p class=\"wnd-align-center\">Hegyi \u00c1rp\u00e1d \u2013 nahm an dem von der POLINGONT Kft. organisierten Seminar f\u00fcr Core Tools (PPAP, FMEA, MSA,SPC,8D) teil und legte die Pr\u00fcfung erfolgreich ab.<\/p>\n<p class=\"wnd-align-center\">Der Seminarteilnehmer konnte die Verfahren PPAP\/PPF, FMEA, MSA\/VDAS, SPC, 8D, die Anwendungsbereiche, Methodik und ihr Verh\u00e4ltnis zueinander durch praktische Beispiele kennenlernen. <\/p>\n<\/div>\n<\/li>\n<li>\n<p><img decoding=\"async\" src=\"\/wp-content\/uploads\/2023\/10\/08798_ZmtHungary.jpg\" alt=\"\"><\/p>\n<h4>Denkblatt<\/h4>\n<div>\n<p>Anl\u00e4sslich vom Charity-Tag \u201eXIX. Aquacity\u201c<\/p>\n<\/div>\n<\/li>\n<li>\n<p><img decoding=\"async\" src=\"\/wp-content\/uploads\/2023\/10\/08804_ZmtHungary.jpg\" alt=\"\"><\/p>\n<h4>Auszeichnung<\/h4>\n<div>\n<p>\u00a0<span>\u201eSpender des Jahres\u201c im Komitat Zala.<\/span><\/p>\n<\/div>\n<\/li>\n<li>\n<p><img decoding=\"async\" src=\"\/wp-content\/uploads\/2023\/10\/08805_ZmtHungary.jpg\" alt=\"\"><\/p>\n<h4>Anerkennung<\/h4>\n<div>\n<p>F\u00fcr den vorbildlichen Beitrag und F\u00f6rderung f\u00fcr gemeinn\u00fctzige Organisationen.<\/p>\n<\/div>\n<\/li>\n<\/ul>\n<p><!--more--><br \/>\n<!-- {\"type\":\"layout\",\"children\":[{\"type\":\"section\",\"props\":{\"class\":\"justifiedtext\",\"image_position\":\"center-center\",\"padding\":\"xsmall\",\"padding_remove_horizontal\":false,\"style\":\"default\",\"title_breakpoint\":\"xl\",\"title_position\":\"top-left\",\"title_rotation\":\"left\",\"vertical_align\":\"middle\",\"width\":\"large\"},\"children\":[{\"type\":\"row\",\"children\":[{\"type\":\"column\",\"props\":{\"image_position\":\"center-center\",\"position_sticky_breakpoint\":\"m\"},\"children\":[{\"type\":\"headline\",\"props\":{\"content\":\"Zertifizierungen\",\"title_color\":\"primary\",\"title_element\":\"h1\",\"title_style\":\"h4\"}},{\"type\":\"grid\",\"props\":{\"block_align\":\"center\",\"block_align_fallback\":\"center\",\"content_column_breakpoint\":\"m\",\"css\":\"@media (max-width:959px) {\\n .el-element {\\n     margin-left: auto;\\n     margin-right: auto;\\n     width: 80%;\\n }\\n\",\"filter_align\":\"left\",\"filter_all\":true,\"filter_grid_breakpoint\":\"m\",\"filter_grid_width\":\"auto\",\"filter_position\":\"top\",\"filter_style\":\"tab\",\"grid_column_align\":false,\"grid_default\":\"1\",\"grid_divider\":false,\"grid_medium\":\"3\",\"grid_row_align\":false,\"grid_small\":\"2\",\"icon_width\":80,\"image_align\":\"top\",\"image_grid_breakpoint\":\"m\",\"image_grid_width\":\"1-2\",\"image_link\":true,\"image_svg_color\":\"emphasis\",\"image_svg_inline\":false,\"item_animation\":true,\"lightbox\":true,\"link_style\":\"default\",\"link_text\":\"\",\"margin\":\"default\",\"meta_align\":\"below-title\",\"meta_element\":\"div\",\"meta_style\":\"text-meta\",\"panel_padding\":\"small\",\"show_content\":true,\"show_image\":true,\"show_link\":true,\"show_meta\":true,\"show_title\":true,\"title_align\":\"top\",\"title_color\":\"primary\",\"title_element\":\"h4\",\"title_grid_breakpoint\":\"m\",\"title_grid_width\":\"1-2\",\"title_hover_style\":\"reset\",\"title_style\":\"h4\"},\"children\":[{\"type\":\"grid_item\",\"props\":{\"content\":\"\n\n<p>FT 1000 Europe\\\"s Fastest Growing Companies 2023<\\\/p>\",\"image\":\"wp-content\\\/uploads\\\/2023\\\/10\\\/08794_ZmtHungary.jpg\",\"title\":\"Financial Times Certificate\"}},{\"type\":\"grid_item\",\"props\":{\"content\":\"\n\n<ul>\\n\n\n<li>Permanente Qualit\\u00e4tssicherung<\\\/li>\\n\n\n<li>Gesundheit und Sicherheit am Arbeitsplatz<\\\/li>\\n\n\n<li>Teambuilding, Teamentwicklung<\\\/li>\\n\n\n<li>Kontakt zu Partnern und Kunden<\\\/li>\\n\n\n<li>St\\u00e4ndige Innovation<\\\/li>\\n\n\n<li>Klimaneutralit\\u00e4t<\\\/li>\\n<\\\/ul>\",\"image\":\"wp-content\\\/uploads\\\/2023\\\/10\\\/08802_ZmtHungary.jpg\",\"title\":\"Unsere gemeinsamen Werte und Grunds\\u00e4tze \"}},{\"type\":\"grid_item\",\"props\":{\"content\":\"\n\n<p>Wir sind gut vorbereitet und bieten Ihnen digitale L\\u00f6sungen. Das Unternehmen nahm an dem Audit und der Veranstaltung des Programms f\\u00fcr Moderne Unternehmen mit dem Projekttitel \\u201eDigitale Unternehmen\\u201c teil.<\\\/p>\",\"image\":\"wp-content\\\/uploads\\\/2023\\\/10\\\/08799_ZmtHungary.jpg\",\"title\":\"Zertifikat\"}},{\"type\":\"grid_item\",\"props\":{\"content\":\"\n\n<p>ISO 9001:2015<\\\/p>\",\"image\":\"wp-content\\\/uploads\\\/2024\\\/08\\\/ZMT_IWS_Tanusitvany_9001_2024_crop_v2.jpg\",\"title\":\"Norm\"}},{\"type\":\"grid_item\",\"props\":{\"content\":\"\n\n<p>ISO 14001:2015<\\\/p>\",\"image\":\"wp-content\\\/uploads\\\/2024\\\/08\\\/ZMT_IWS_Tanusitvany_14001_2024_crop_v2.jpg\",\"title\":\"Norm\"}},{\"type\":\"grid_item\",\"props\":{\"content\":\"\n\n<p>Eintragung im Verzeichnis der Bauunternehmen<\\\/p>\\n\n\n<p>26. Oktober 2020<\\\/p>\",\"image\":\"wp-content\\\/uploads\\\/2023\\\/10\\\/08803_ZmtHungary.jpg\",\"title\":\"Ungarische Industrie- und Handelskammer \"}},{\"type\":\"grid_item\",\"props\":{\"content\":\"\n\n<p class=\\\"wnd-align-center\\\">Domj\\u00e1n Andr\\u00e1s \\u2013 nahm an dem von der POLINGONT Kft. organisierten Seminar f\\u00fcr QUALIT\\u00c4TSKONTROLLEUR teil und legte die Pr\\u00fcfung erfolgreich ab.<\\\/p>\\n\n\n<p class=\\\"wnd-align-center\\\"><br \\\/>Der Seminarteilnehmer konnte mit der Grundlage der Qualit\\u00e4tsprozesse (Diagramm, 5M+E Methode), den Qualit\\u00e4tsanforderungen der Kunden (Toleranz, Ma\\u00dfkette), den statistischen Merkmalen (Durchschnitt, Medial Volume), den meteorologischen Merkmalen (Stabilit\\u00e4t, Linearit\\u00e4t, Wiederholbarkeit, Reproduzierbarkeit, Aufl\\u00f6sung, Wahl des Messger\\u00e4tes, Freigabe, Kalibrierung, Anforderungen zum Messsystem GRR%), SPC-Kenntnisse (Xbar-R, X-MR, Verh\\u00e4ltnis zwischen Regler und Toleranzgrenze), der Pr\\u00fcfung der Musterproben (Probengr\\u00f6\\u00dfe, Akzeptanzgrenze Ac, Ablehnungsgrenze Re, AQL-Toleranzlevel, Kontrolllevel, Kontrollstufen, ein- und zweistufige Pl\\u00e4ne f\\u00fcr Musterprobe, Messpl\\u00e4ne, Fehler 1. und 2. Art) und mit der Dokumentierung der Messergebnisse vertraulich gemacht. <\\\/p>\",\"image\":\"wp-content\\\/uploads\\\/2023\\\/10\\\/08800_ZmtHungary.jpg\",\"title\":\"Zertifikat\"}},{\"type\":\"grid_item\",\"props\":{\"content\":\"\n\n<p class=\\\"wnd-align-center\\\">Hegyi \\u00c1rp\\u00e1d \\u2013 nahm an dem von der POLINGONT Kft. organisierten Seminar f\\u00fcr Core Tools (PPAP, FMEA, MSA,SPC,8D) teil und legte die Pr\\u00fcfung erfolgreich ab.<\\\/p>\\n\n\n<p class=\\\"wnd-align-center\\\"><br \\\/>Der Seminarteilnehmer konnte die Verfahren PPAP\\\/PPF, FMEA, MSA\\\/VDAS, SPC, 8D, die Anwendungsbereiche, Methodik und ihr Verh\\u00e4ltnis zueinander durch praktische Beispiele kennenlernen. <\\\/p>\",\"image\":\"wp-content\\\/uploads\\\/2023\\\/10\\\/08801_ZmtHungary.jpg\",\"title\":\"Zertifikat\"}},{\"type\":\"grid_item\",\"props\":{\"content\":\"\n\n<p>Anl\\u00e4sslich vom Charity-Tag \\u201eXIX. Aquacity\\u201c<\\\/p>\",\"image\":\"wp-content\\\/uploads\\\/2023\\\/10\\\/08798_ZmtHungary.jpg\",\"title\":\"Denkblatt\"}},{\"type\":\"grid_item\",\"props\":{\"content\":\"\n\n<p>\\u00a0<span>\\u201eSpender des Jahres\\u201c im Komitat Zala.<\\\/span><\\\/p>\",\"image\":\"wp-content\\\/uploads\\\/2023\\\/10\\\/08804_ZmtHungary.jpg\",\"title\":\"Auszeichnung\"}},{\"type\":\"grid_item\",\"props\":{\"content\":\"\n\n<p>F\\u00fcr den vorbildlichen Beitrag und F\\u00f6rderung f\\u00fcr gemeinn\\u00fctzige Organisationen.<\\\/p>\",\"image\":\"wp-content\\\/uploads\\\/2023\\\/10\\\/08805_ZmtHungary.jpg\",\"title\":\"Anerkennung\"}}]}]}]}]}],\"version\":\"4.3.13\"} --><\/p>\n","protected":false},"excerpt":{"rendered":"<p>Zertifizierungen Financial Times Certificate FT 1000 Europe&#8220;s Fastest Growing Companies 2023 Unsere gemeinsamen Werte und Grunds\u00e4tze Permanente Qualit\u00e4tssicherung Gesundheit und Sicherheit am Arbeitsplatz Teambuilding, Teamentwicklung Kontakt zu Partnern und Kunden St\u00e4ndige Innovation Klimaneutralit\u00e4t Zertifikat Wir sind gut vorbereitet und bieten Ihnen digitale L\u00f6sungen. Das Unternehmen nahm an dem Audit und der Veranstaltung des Programms f\u00fcr [&hellip;]<\/p>\n","protected":false},"author":1,"featured_media":0,"parent":0,"menu_order":0,"comment_status":"closed","ping_status":"closed","template":"","meta":{"footnotes":""},"class_list":["post-1127","page","type-page","status-publish","hentry"],"yoast_head":"<!-- This site is optimized with the Yoast SEO plugin v25.2 - https:\/\/yoast.com\/wordpress\/plugins\/seo\/ -->\n<title>Zertifizierungen - ZMT Hungary Kft.<\/title>\n<meta name=\"robots\" content=\"index, follow, max-snippet:-1, max-image-preview:large, max-video-preview:-1\" \/>\n<link rel=\"canonical\" href=\"https:\/\/zmthungary.hu\/de\/zertifizierungen\/\" \/>\n<meta property=\"og:locale\" content=\"de_DE\" \/>\n<meta property=\"og:type\" content=\"article\" \/>\n<meta property=\"og:title\" content=\"Zertifizierungen - ZMT Hungary Kft.\" \/>\n<meta property=\"og:description\" content=\"Zertifizierungen Financial Times Certificate FT 1000 Europe&#8220;s Fastest Growing Companies 2023 Unsere gemeinsamen Werte und Grunds\u00e4tze Permanente Qualit\u00e4tssicherung Gesundheit und Sicherheit am Arbeitsplatz Teambuilding, Teamentwicklung Kontakt zu Partnern und Kunden St\u00e4ndige Innovation Klimaneutralit\u00e4t Zertifikat Wir sind gut vorbereitet und bieten Ihnen digitale L\u00f6sungen. Das Unternehmen nahm an dem Audit und der Veranstaltung des Programms f\u00fcr [&hellip;]\" \/>\n<meta property=\"og:url\" content=\"https:\/\/zmthungary.hu\/de\/zertifizierungen\/\" \/>\n<meta property=\"og:site_name\" content=\"ZMT Hungary Kft.\" \/>\n<meta property=\"article:modified_time\" content=\"2024-08-20T13:13:04+00:00\" \/>\n<meta name=\"twitter:card\" content=\"summary_large_image\" \/>\n<meta name=\"twitter:label1\" content=\"Gesch\u00e4tzte Lesezeit\" \/>\n\t<meta name=\"twitter:data1\" content=\"1\u00a0Minute\" \/>\n<script type=\"application\/ld+json\" class=\"yoast-schema-graph\">{\"@context\":\"https:\/\/schema.org\",\"@graph\":[{\"@type\":\"WebPage\",\"@id\":\"https:\/\/zmthungary.hu\/de\/zertifizierungen\/\",\"url\":\"https:\/\/zmthungary.hu\/de\/zertifizierungen\/\",\"name\":\"Zertifizierungen - ZMT Hungary Kft.\",\"isPartOf\":{\"@id\":\"https:\/\/zmthungary.hu\/de\/#website\"},\"datePublished\":\"2023-09-25T13:02:53+00:00\",\"dateModified\":\"2024-08-20T13:13:04+00:00\",\"breadcrumb\":{\"@id\":\"https:\/\/zmthungary.hu\/de\/zertifizierungen\/#breadcrumb\"},\"inLanguage\":\"de\",\"potentialAction\":[{\"@type\":\"ReadAction\",\"target\":[\"https:\/\/zmthungary.hu\/de\/zertifizierungen\/\"]}]},{\"@type\":\"BreadcrumbList\",\"@id\":\"https:\/\/zmthungary.hu\/de\/zertifizierungen\/#breadcrumb\",\"itemListElement\":[{\"@type\":\"ListItem\",\"position\":1,\"name\":\"Kezd\u0151lap\",\"item\":\"https:\/\/zmthungary.hu\/de\/\"},{\"@type\":\"ListItem\",\"position\":2,\"name\":\"Zertifizierungen\"}]},{\"@type\":\"WebSite\",\"@id\":\"https:\/\/zmthungary.hu\/de\/#website\",\"url\":\"https:\/\/zmthungary.hu\/de\/\",\"name\":\"ZMT Hungary Kft.\",\"description\":\"Make it cool...\",\"potentialAction\":[{\"@type\":\"SearchAction\",\"target\":{\"@type\":\"EntryPoint\",\"urlTemplate\":\"https:\/\/zmthungary.hu\/de\/?s={search_term_string}\"},\"query-input\":{\"@type\":\"PropertyValueSpecification\",\"valueRequired\":true,\"valueName\":\"search_term_string\"}}],\"inLanguage\":\"de\"}]}<\/script>\n<!-- \/ Yoast SEO plugin. -->","yoast_head_json":{"title":"Zertifizierungen - ZMT Hungary Kft.","robots":{"index":"index","follow":"follow","max-snippet":"max-snippet:-1","max-image-preview":"max-image-preview:large","max-video-preview":"max-video-preview:-1"},"canonical":"https:\/\/zmthungary.hu\/de\/zertifizierungen\/","og_locale":"de_DE","og_type":"article","og_title":"Zertifizierungen - ZMT Hungary Kft.","og_description":"Zertifizierungen Financial Times Certificate FT 1000 Europe&#8220;s Fastest Growing Companies 2023 Unsere gemeinsamen Werte und Grunds\u00e4tze Permanente Qualit\u00e4tssicherung Gesundheit und Sicherheit am Arbeitsplatz Teambuilding, Teamentwicklung Kontakt zu Partnern und Kunden St\u00e4ndige Innovation Klimaneutralit\u00e4t Zertifikat Wir sind gut vorbereitet und bieten Ihnen digitale L\u00f6sungen. Das Unternehmen nahm an dem Audit und der Veranstaltung des Programms f\u00fcr [&hellip;]","og_url":"https:\/\/zmthungary.hu\/de\/zertifizierungen\/","og_site_name":"ZMT Hungary Kft.","article_modified_time":"2024-08-20T13:13:04+00:00","twitter_card":"summary_large_image","twitter_misc":{"Gesch\u00e4tzte Lesezeit":"1\u00a0Minute"},"schema":{"@context":"https:\/\/schema.org","@graph":[{"@type":"WebPage","@id":"https:\/\/zmthungary.hu\/de\/zertifizierungen\/","url":"https:\/\/zmthungary.hu\/de\/zertifizierungen\/","name":"Zertifizierungen - ZMT Hungary Kft.","isPartOf":{"@id":"https:\/\/zmthungary.hu\/de\/#website"},"datePublished":"2023-09-25T13:02:53+00:00","dateModified":"2024-08-20T13:13:04+00:00","breadcrumb":{"@id":"https:\/\/zmthungary.hu\/de\/zertifizierungen\/#breadcrumb"},"inLanguage":"de","potentialAction":[{"@type":"ReadAction","target":["https:\/\/zmthungary.hu\/de\/zertifizierungen\/"]}]},{"@type":"BreadcrumbList","@id":"https:\/\/zmthungary.hu\/de\/zertifizierungen\/#breadcrumb","itemListElement":[{"@type":"ListItem","position":1,"name":"Kezd\u0151lap","item":"https:\/\/zmthungary.hu\/de\/"},{"@type":"ListItem","position":2,"name":"Zertifizierungen"}]},{"@type":"WebSite","@id":"https:\/\/zmthungary.hu\/de\/#website","url":"https:\/\/zmthungary.hu\/de\/","name":"ZMT Hungary Kft.","description":"Make it cool...","potentialAction":[{"@type":"SearchAction","target":{"@type":"EntryPoint","urlTemplate":"https:\/\/zmthungary.hu\/de\/?s={search_term_string}"},"query-input":{"@type":"PropertyValueSpecification","valueRequired":true,"valueName":"search_term_string"}}],"inLanguage":"de"}]}},"_links":{"self":[{"href":"https:\/\/zmthungary.hu\/de\/wp-json\/wp\/v2\/pages\/1127","targetHints":{"allow":["GET"]}}],"collection":[{"href":"https:\/\/zmthungary.hu\/de\/wp-json\/wp\/v2\/pages"}],"about":[{"href":"https:\/\/zmthungary.hu\/de\/wp-json\/wp\/v2\/types\/page"}],"author":[{"embeddable":true,"href":"https:\/\/zmthungary.hu\/de\/wp-json\/wp\/v2\/users\/1"}],"replies":[{"embeddable":true,"href":"https:\/\/zmthungary.hu\/de\/wp-json\/wp\/v2\/comments?post=1127"}],"version-history":[{"count":6,"href":"https:\/\/zmthungary.hu\/de\/wp-json\/wp\/v2\/pages\/1127\/revisions"}],"predecessor-version":[{"id":1310,"href":"https:\/\/zmthungary.hu\/de\/wp-json\/wp\/v2\/pages\/1127\/revisions\/1310"}],"wp:attachment":[{"href":"https:\/\/zmthungary.hu\/de\/wp-json\/wp\/v2\/media?parent=1127"}],"curies":[{"name":"wp","href":"https:\/\/api.w.org\/{rel}","templated":true}]}}